{"id":240,"date":"2018-08-29T17:06:04","date_gmt":"2018-08-29T17:06:04","guid":{"rendered":"https:\/\/eljardindelconvento.com\/2018\/?page_id=240"},"modified":"2026-01-12T10:20:24","modified_gmt":"2026-01-12T10:20:24","slug":"hab5","status":"publish","type":"page","link":"https:\/\/eljardindelconvento.com\/2018\/habitaciones\/hab5\/","title":{"rendered":"Hab5"},"content":{"rendered":"<div id=\"pl-240\"  class=\"panel-layout\" ><div id=\"pg-240-0\"  class=\"panel-grid panel-no-style\" ><div id=\"pgc-240-0-0\"  class=\"panel-grid-cell\" ><div id=\"panel-240-0-0-0\" class=\"so-panel widget widget_sow-editor panel-first-child panel-last-child\" data-index=\"0\" ><div\n\t\t\t\n\t\t\tclass=\"so-widget-sow-editor so-widget-sow-editor-base\"\n\t\t\t\n\t\t>\n<div class=\"siteorigin-widget-tinymce textwidget\">\n\t<p><strong>\n<!-- MISTERPLAN PLUGIN 1.1.44-->\n<!-- MISTERPLAN PLUGIN MOTOR TIPO 1 ID ELEMENTO 579232 DESTINO 1 PV 7877-->\n    <script nowprocket async type=\"text\/javascript\" src=\"https:\/\/www.mrplan.es\/experiencias\/modulos\/TWidget\/lib\/TWidgetInc.php?id_casa=579232&source_plugin=MrPlanPlugin&web_plugin=https%3A%2F%2Feljardindelconvento.com%2F2018%2Fhabitaciones%2Fhab5%2F&cod_habitacion=571136-143\"><\/script>\n<div id=\"MrPlanPlugin_MotorScript\"><\/div>\n<div class=\"MrPlanPlugin_MotorContainer MrPlanPlugin_MotorContainer_1\" style=\"max-width:800px;\">\n\n\t<div nowprocket id=\"TEwsBuscadorB-1-1-579232-\" \n\t\tclass=\"TEwsWidgetInc capa_izq ancho_total\"\n\t\tTEws_id_idioma=\"0\"\n        url_confirmacion=\"https:\/\/eljardindelconvento.com\/2018\/confirmacion-de-reserva\/\"\t\t\n        TEws_id_elemento=\"579232\"\n        TEws_tipo_elemento=\"1\"\n        TEws_Hash=\"6a0a871e31f391eb9484c462582c8e0e63743a7d\"\n        TEws_id_destino=\"1\"\n        TEws_id_puntoventa=\"7877\"\n        TEws_autoload=\"0\"\n        TEws_fecha_ini=\"\"\n        TEws_n_noches=\"1\"\n        TEws_visualFilterOccupancy=\"0\" \n        w_contenido=\"completa\"\n\t\tBudgetV=\"2\" \n        mini_preview_V=\"2\" \n        TEws_onSearch=\"\" \n        TEws_version=\"12\" \n        TEws_tipo_widget=\"1\" \n        BV7_tipo_inicio=\"0\" \n        BV7_cambio_inicio=\"0\" \n        TEws_quitar_cabecera=\"0\" \n        TEws_iniciar_cerrado=\"0\" \n        TEws_bus_texto=\"0\" \n        TEws_sel_dispo=\"1\" \n        TEws_form_contacto=\"0\"  \n        TEws_result_in_esl=\"0\" \n        TEws_result_in_ext=\"0\" \n        TEws_cerrar_buscar=\"0\" \n        TEws_ver_resto_casas=\"0\" \n        TEws_activar_mas_menos=\"1\" \n        TEws_posicion=\"original\" \n        TEws_formato=\"2\" \n        TEws_formato_ficha=\"10\" \n        TEws_CoreSearch_V=\"7\"  \n        TEws_id_categoria=\"0\" \n        TEws_modo=\"RES\"  \n        TEws_radio=\"0\"\n        TEsw_filtro_exp=\"\" \n        TEws_filtro_casa=\"\" \n                TEws_cod_habitacion=\"579232-0\"\n                TEwsResultadoCoreSearch=\"TEwsResultCoreSearch-1-1-579232-\" \n        alt=\"MisterPlan  - Powered by RuralGest  - http:\/\/www.misterplan.es\" \n\t\ttitle_NO=\"MisterPlan  - Powered by RuralGest \"\n\t>\n        <div class=\"TMrPlanPlugin_Loading\">\n            <img decoding=\"async\" src=\"https:\/\/eljardindelconvento.com\/2018\/wp-content\/plugins\/misterplan\/assets\/images\/loading.svg\">\n        <\/div>\n    <\/div>\n    <div id=\"TEwsResultCoreSearch-1-1-579232-\" class=\"capa_izq TEwsBuscador_Experiencias_evnt\" style=\"width: 100%; margin-top: 20px;\" ><\/div> \n<\/div>\n<\/strong><\/p>\n<\/div>\n<\/div><\/div><\/div><\/div><div id=\"pg-240-1\"  class=\"panel-grid panel-no-style\" ><div id=\"pgc-240-1-0\"  class=\"panel-grid-cell\" ><div id=\"panel-240-1-0-0\" class=\"so-panel widget widget_sow-editor panel-first-child panel-last-child\" data-index=\"1\" ><div\n\t\t\t\n\t\t\tclass=\"so-widget-sow-editor so-widget-sow-editor-base\"\n\t\t\t\n\t\t>\n<div class=\"siteorigin-widget-tinymce textwidget\">\n\t<div><\/div>\n<div class=\"habitacion_txt\">\n<div><\/div>\n<\/div>\n<\/div>\n<\/div><\/div><\/div><div id=\"pgc-240-1-1\"  class=\"panel-grid-cell\" ><div id=\"panel-240-1-1-0\" class=\"so-panel widget widget_sow-editor panel-first-child panel-last-child\" data-index=\"2\" ><div\n\t\t\t\n\t\t\tclass=\"so-widget-sow-editor so-widget-sow-editor-base\"\n\t\t\t\n\t\t>\n<div class=\"siteorigin-widget-tinymce textwidget\">\n\t<\/p>\n<div class=\"habitacion_txt\">\n<p><span class=\"titulo\">Habitaci\u00f3n 5 (Planta 1\u00aa)<\/span><\/p>\n<div>\n<p><span class=\"s2\">- Orientaci\u00f3n: Plaza del Convento<br \/>\n<\/span><span class=\"s2\">- Suelo de madera<br \/>\n<\/span><span class=\"s2\">- Doble con 2 camas de 90x190 cm<br \/>\n<\/span><span class=\"s2\">- Sof\u00e1 cama doble de 140x190 cm<br \/>\n<\/span><span class=\"s2\">- Ba\u00f1o con ducha, bid\u00e9, radiador-toallero y secador de pelo<br \/>\n<\/span><span class=\"s2\">- Calefacci\u00f3n con regulaci\u00f3n independiente de temperatura<br \/>\n<\/span><span class=\"s2\">- Aire acondicionado y TV<br \/>\n<\/span><span class=\"s2\">- Wifi gratuito<br \/>\n<\/span><span class=\"s2\">- Superficie total: 30 m2<\/span><\/p>\n<\/div>\n<div><img loading=\"lazy\" decoding=\"async\" class=\"alignnone wp-image-223 size-full\" src=\"https:\/\/eljardindelconvento.com\/2018\/wp-content\/uploads\/2018\/08\/iconos-web-02-e1535560534824.png\" alt=\"\" width=\"266\" height=\"48\" \/><\/div>\n<\/div>\n<p>\n<\/div>\n<\/div><\/div><\/div><\/div><\/div>","protected":false},"excerpt":{"rendered":"<p>Habitaci\u00f3n 5 (Planta 1\u00aa) &#8211; Orientaci\u00f3n: Plaza del Convento &#8211; Suelo de madera &#8211; Doble con 2 camas de 90&#215;190 cm &#8211; Sof\u00e1 cama doble de 140&#215;190 cm &#8211; Ba\u00f1o con ducha, bid\u00e9, radiador-toallero y secador de pelo &#8211; Calefacci\u00f3n con regulaci\u00f3n independiente de temperatura &#8211; Aire acondicionado y TV &#8211; Wifi gratuito &#8211; Superficie [&hellip;]<\/p>\n","protected":false},"author":4,"featured_media":0,"parent":99,"menu_order":0,"comment_status":"closed","ping_status":"closed","template":"","meta":{"footnotes":""},"class_list":["post-240","page","type-page","status-publish","hentry"],"_links":{"self":[{"href":"https:\/\/eljardindelconvento.com\/2018\/wp-json\/wp\/v2\/pages\/240","targetHints":{"allow":["GET"]}}],"collection":[{"href":"https:\/\/eljardindelconvento.com\/2018\/wp-json\/wp\/v2\/pages"}],"about":[{"href":"https:\/\/eljardindelconvento.com\/2018\/wp-json\/wp\/v2\/types\/page"}],"author":[{"embeddable":true,"href":"https:\/\/eljardindelconvento.com\/2018\/wp-json\/wp\/v2\/users\/4"}],"replies":[{"embeddable":true,"href":"https:\/\/eljardindelconvento.com\/2018\/wp-json\/wp\/v2\/comments?post=240"}],"version-history":[{"count":21,"href":"https:\/\/eljardindelconvento.com\/2018\/wp-json\/wp\/v2\/pages\/240\/revisions"}],"predecessor-version":[{"id":1419,"href":"https:\/\/eljardindelconvento.com\/2018\/wp-json\/wp\/v2\/pages\/240\/revisions\/1419"}],"up":[{"embeddable":true,"href":"https:\/\/eljardindelconvento.com\/2018\/wp-json\/wp\/v2\/pages\/99"}],"wp:attachment":[{"href":"https:\/\/eljardindelconvento.com\/2018\/wp-json\/wp\/v2\/media?parent=240"}],"curies":[{"name":"wp","href":"https:\/\/api.w.org\/{rel}","templated":true}]}}