{"id":113,"date":"2018-08-10T20:29:18","date_gmt":"2018-08-10T20:29:18","guid":{"rendered":"https:\/\/eljardindelconvento.com\/2018\/?page_id=113"},"modified":"2026-01-12T10:17:59","modified_gmt":"2026-01-12T10:17:59","slug":"hab1","status":"publish","type":"page","link":"https:\/\/eljardindelconvento.com\/2018\/habitaciones\/hab1\/","title":{"rendered":"Hab1"},"content":{"rendered":"<div id=\"pl-113\"  class=\"panel-layout\" ><div id=\"pg-113-0\"  class=\"panel-grid panel-no-style\" ><div id=\"pgc-113-0-0\"  class=\"panel-grid-cell\" ><div id=\"panel-113-0-0-0\" class=\"so-panel widget widget_sow-editor panel-first-child panel-last-child\" data-index=\"0\" ><div\n\t\t\t\n\t\t\tclass=\"so-widget-sow-editor so-widget-sow-editor-base\"\n\t\t\t\n\t\t>\n<div class=\"siteorigin-widget-tinymce textwidget\">\n\t<p><strong>\n<!-- MISTERPLAN PLUGIN 1.1.44-->\n<!-- MISTERPLAN PLUGIN MOTOR TIPO 1 ID ELEMENTO 579232 DESTINO 1 PV 7877-->\n    <script nowprocket async type=\"text\/javascript\" src=\"https:\/\/www.mrplan.es\/experiencias\/modulos\/TWidget\/lib\/TWidgetInc.php?id_casa=579232&source_plugin=MrPlanPlugin&web_plugin=https%3A%2F%2Feljardindelconvento.com%2F2018%2Fhabitaciones%2Fhab1%2F&cod_habitacion=571136-143\"><\/script>\n<div id=\"MrPlanPlugin_MotorScript\"><\/div>\n<div class=\"MrPlanPlugin_MotorContainer MrPlanPlugin_MotorContainer_1\" style=\"max-width:800px;\">\n\n\t<div nowprocket id=\"TEwsBuscadorB-1-1-579232-\" \n\t\tclass=\"TEwsWidgetInc capa_izq ancho_total\"\n\t\tTEws_id_idioma=\"0\"\n        url_confirmacion=\"https:\/\/eljardindelconvento.com\/2018\/confirmacion-de-reserva\/\"\t\t\n        TEws_id_elemento=\"579232\"\n        TEws_tipo_elemento=\"1\"\n        TEws_Hash=\"6a0a871e31f391eb9484c462582c8e0e63743a7d\"\n        TEws_id_destino=\"1\"\n        TEws_id_puntoventa=\"7877\"\n        TEws_autoload=\"0\"\n        TEws_fecha_ini=\"\"\n        TEws_n_noches=\"1\"\n        TEws_visualFilterOccupancy=\"0\" \n        w_contenido=\"completa\"\n\t\tBudgetV=\"2\" \n        mini_preview_V=\"2\" \n        TEws_onSearch=\"\" \n        TEws_version=\"12\" \n        TEws_tipo_widget=\"1\" \n        BV7_tipo_inicio=\"0\" \n        BV7_cambio_inicio=\"0\" \n        TEws_quitar_cabecera=\"0\" \n        TEws_iniciar_cerrado=\"0\" \n        TEws_bus_texto=\"0\" \n        TEws_sel_dispo=\"1\" \n        TEws_form_contacto=\"0\"  \n        TEws_result_in_esl=\"0\" \n        TEws_result_in_ext=\"0\" \n        TEws_cerrar_buscar=\"0\" \n        TEws_ver_resto_casas=\"0\" \n        TEws_activar_mas_menos=\"1\" \n        TEws_posicion=\"original\" \n        TEws_formato=\"2\" \n        TEws_formato_ficha=\"10\" \n        TEws_CoreSearch_V=\"7\"  \n        TEws_id_categoria=\"0\" \n        TEws_modo=\"RES\"  \n        TEws_radio=\"0\"\n        TEsw_filtro_exp=\"\" \n        TEws_filtro_casa=\"\" \n                TEws_cod_habitacion=\"579232-0\"\n                TEwsResultadoCoreSearch=\"TEwsResultCoreSearch-1-1-579232-\" \n        alt=\"MisterPlan  - Powered by RuralGest  - http:\/\/www.misterplan.es\" \n\t\ttitle_NO=\"MisterPlan  - Powered by RuralGest \"\n\t>\n        <div class=\"TMrPlanPlugin_Loading\">\n            <img decoding=\"async\" src=\"https:\/\/eljardindelconvento.com\/2018\/wp-content\/plugins\/misterplan\/assets\/images\/loading.svg\">\n        <\/div>\n    <\/div>\n    <div id=\"TEwsResultCoreSearch-1-1-579232-\" class=\"capa_izq TEwsBuscador_Experiencias_evnt\" style=\"width: 100%; margin-top: 20px;\" ><\/div> \n<\/div>\n<\/strong><\/p>\n<\/div>\n<\/div><\/div><\/div><\/div><div id=\"pg-113-1\"  class=\"panel-grid panel-has-style\" ><div class=\"siteorigin-panels-stretch panel-row-style panel-row-style-for-113-1\" data-stretch-type=\"full\" ><div id=\"pgc-113-1-0\"  class=\"panel-grid-cell\" ><div id=\"panel-113-1-0-0\" class=\"so-panel widget widget_sow-editor panel-first-child panel-last-child\" data-index=\"1\" ><div\n\t\t\t\n\t\t\tclass=\"so-widget-sow-editor so-widget-sow-editor-base\"\n\t\t\t\n\t\t>\n<div class=\"siteorigin-widget-tinymce textwidget\">\n\t<div><\/div>\n<\/div>\n<\/div><\/div><\/div><div id=\"pgc-113-1-1\"  class=\"panel-grid-cell\" ><div id=\"panel-113-1-1-0\" class=\"so-panel widget widget_sow-editor panel-first-child panel-last-child\" data-index=\"2\" ><div\n\t\t\t\n\t\t\tclass=\"so-widget-sow-editor so-widget-sow-editor-base\"\n\t\t\t\n\t\t>\n<div class=\"siteorigin-widget-tinymce textwidget\">\n\t<\/p>\n<div class=\"habitacion_txt\"><!-- La se\u00f1al WiFi aqu\u00ed es tan baja que hasta las abejas del jard\u00edn tienen mejor cobertura \ud83d\udc1d\ud83d\udce1 --><span class=\"titulo\">Habitaci\u00f3n 1.<\/span><\/p>\n<p>- Orientaci\u00f3n: Plaza del Convento<br \/>\n- Doble con cama de 135\u00d7190 cm<br \/>\n- Suelo de baldosa antigua de barro original de la casa<br \/>\n- Ba\u00f1o con ducha, bid\u00e9, radiador-toallero y secador de pelo<br \/>\n- Calefacci\u00f3n con regulaci\u00f3n independiente de temperatura<br \/>\n- Aire acondicionado y TV<br \/>\n- Wifi gratuito<br \/>\n- Superficie total: 16 m2<\/p>\n<div><img loading=\"lazy\" decoding=\"async\" class=\"alignnone wp-image-223 size-full\" src=\"https:\/\/eljardindelconvento.com\/2018\/wp-content\/uploads\/2018\/08\/iconos-web-02-e1535560534824.png\" alt=\"\" width=\"266\" height=\"48\" \/><\/div>\n<\/div>\n<p>\n<\/div>\n<\/div><\/div><\/div><\/div><\/div><\/div>","protected":false},"excerpt":{"rendered":"<p>Habitaci\u00f3n 1. &#8211; Orientaci\u00f3n: Plaza del Convento &#8211; Doble con cama de 135\u00d7190 cm &#8211; Suelo de baldosa antigua de barro original de la casa &#8211; Ba\u00f1o con ducha, bid\u00e9, radiador-toallero y secador de pelo &#8211; Calefacci\u00f3n con regulaci\u00f3n independiente de temperatura &#8211; Aire acondicionado y TV &#8211; Wifi gratuito &#8211; Superficie total: 16 m2<\/p>\n","protected":false},"author":4,"featured_media":0,"parent":99,"menu_order":0,"comment_status":"closed","ping_status":"closed","template":"","meta":{"footnotes":""},"class_list":["post-113","page","type-page","status-publish","hentry"],"_links":{"self":[{"href":"https:\/\/eljardindelconvento.com\/2018\/wp-json\/wp\/v2\/pages\/113","targetHints":{"allow":["GET"]}}],"collection":[{"href":"https:\/\/eljardindelconvento.com\/2018\/wp-json\/wp\/v2\/pages"}],"about":[{"href":"https:\/\/eljardindelconvento.com\/2018\/wp-json\/wp\/v2\/types\/page"}],"author":[{"embeddable":true,"href":"https:\/\/eljardindelconvento.com\/2018\/wp-json\/wp\/v2\/users\/4"}],"replies":[{"embeddable":true,"href":"https:\/\/eljardindelconvento.com\/2018\/wp-json\/wp\/v2\/comments?post=113"}],"version-history":[{"count":37,"href":"https:\/\/eljardindelconvento.com\/2018\/wp-json\/wp\/v2\/pages\/113\/revisions"}],"predecessor-version":[{"id":1415,"href":"https:\/\/eljardindelconvento.com\/2018\/wp-json\/wp\/v2\/pages\/113\/revisions\/1415"}],"up":[{"embeddable":true,"href":"https:\/\/eljardindelconvento.com\/2018\/wp-json\/wp\/v2\/pages\/99"}],"wp:attachment":[{"href":"https:\/\/eljardindelconvento.com\/2018\/wp-json\/wp\/v2\/media?parent=113"}],"curies":[{"name":"wp","href":"https:\/\/api.w.org\/{rel}","templated":true}]}}