{"id":514,"date":"2018-09-06T00:48:24","date_gmt":"2018-09-06T00:48:24","guid":{"rendered":"https:\/\/eljardindelconvento.com\/2018\/politica-de-cookies\/"},"modified":"2018-10-02T08:18:58","modified_gmt":"2018-10-02T08:18:58","slug":"politica-de-cookies","status":"publish","type":"page","link":"https:\/\/eljardindelconvento.com\/2018\/en\/politica-de-cookies\/","title":{"rendered":"Pol\u00edtica de cookies"},"content":{"rendered":"<div class=\"texto_solo\">\n<p><strong>POL\u00cdTICA DE COOKIES Y ALMACENAMIENTO LOCAL<\/strong><\/p>\n<p>&nbsp;<\/p>\n<p><strong><u>Pol\u00edtica de cookies:<\/u><\/strong><\/p>\n<p><strong><u>\u00a0<\/u><\/strong><\/p>\n<p>Seg\u00fan la Ley 34\/2002, de 11 de julio, de Servicios de la Sociedad de la Informaci\u00f3n y Comercio Electr\u00f3nico le informamos de que este sitio web usa Cookies para mejorar y optimizar la experiencia del usuario. A continuaci\u00f3n encontrar\u00e1 informaci\u00f3n detallada sobre qu\u00e9 son las \u201cCookies\u201d, qu\u00e9 tipolog\u00eda utiliza este sitio web, c\u00f3mo cambiar la configuraci\u00f3n de sus cookies, y qu\u00e9 ocurre si las deshabilitas.<\/p>\n<p><strong><u>\u00a0<\/u><\/strong><\/p>\n<p><strong>\u00bfQu\u00e9 son las <\/strong><strong>cookies?<\/strong><\/p>\n<p>Una cookie es un fichero que se descarga en su ordenador al acceder a determinadas p\u00e1ginas web. Las cookies permiten a una p\u00e1gina web, entre otras cosas, almacenar y recuperar informaci\u00f3n sobre los h\u00e1bitos de navegaci\u00f3n de un usuario o de su equipo y, dependiendo de la informaci\u00f3n que contengan y de la forma en que utilice su equipo, pueden utilizarse para reconocer al usuario.<\/p>\n<p>&nbsp;<\/p>\n<p><strong>\u00bfQu\u00e9 tipos de <\/strong><strong>cookies utiliza esta p\u00e1gina web?<\/strong><\/p>\n<ul>\n<li><strong> Cookies de an\u00e1lisis:<\/strong> Son aqu\u00e9llas que bien tratadas por nosotros o por terceros, nos permiten cuantificar el n\u00famero de usuarios y as\u00ed realizar la medici\u00f3n y an\u00e1lisis estad\u00edstico de la utilizaci\u00f3n que hacen los usuarios del servicio ofertado. Para ello se analiza su navegaci\u00f3n en nuestra p\u00e1gina web con el fin de mejorar la oferta de productos o servicios que le ofrecemos.<\/li>\n<li><strong> Cookies publicitarias:<\/strong> Son aqu\u00e9llas que, bien tratadas por nosotros o por terceros, nos permiten gestionar de la forma m\u00e1s eficaz posible la oferta de los espacios publicitarios que hay en la p\u00e1gina web, adecuando el contenido del anuncio al contenido del servicio solicitado o al uso que realice de nuestra p\u00e1gina web. Para ello podemos analizar sus h\u00e1bitos de navegaci\u00f3n en Internet y podemos mostrarle publicidad relacionada con su perfil de navegaci\u00f3n.<\/li>\n<\/ul>\n<ul>\n<li><strong>Cookies de Terceros: <\/strong>Proporcionadas por terceros.<\/li>\n<\/ul>\n<p>&nbsp;<\/p>\n<p><em>Tabla ejemplo de cookies:<\/em><\/p>\n<p>&nbsp;<\/p>\n<table border=\"1\">\n<tbody>\n<tr>\n<td width=\"57\"><strong>Nombre<\/strong><\/td>\n<td width=\"233\"><strong>Descripci\u00f3n \/ Finalidad<\/strong><\/td>\n<td width=\"77\"><strong>Proveedor<\/strong><\/td>\n<td width=\"88\"><strong>Caducidad<\/strong><\/td>\n<td width=\"65\"><strong>Desactivar <\/strong><\/td>\n<\/tr>\n<tr>\n<td width=\"57\"><strong>_ga<\/strong><\/td>\n<td width=\"233\">Se usa para distinguir a los usuarios<\/td>\n<td width=\"77\">Google<\/td>\n<td width=\"88\">2 a\u00f1os<\/td>\n<td width=\"65\"><\/td>\n<\/tr>\n<tr>\n<td width=\"57\"><strong>_gid<\/strong><\/td>\n<td width=\"233\">Se usa para distinguir a los usuarios<\/td>\n<td width=\"77\">Google<\/td>\n<td width=\"88\">24 horas<\/td>\n<td width=\"65\"><\/td>\n<\/tr>\n<tr>\n<td width=\"57\"><strong>_gat<\/strong><\/td>\n<td width=\"233\">Se usa para limitar el porcentaje de solicitudes<\/td>\n<td width=\"77\">Google<\/td>\n<td width=\"88\">1 minuto<\/td>\n<td width=\"65\"><\/td>\n<\/tr>\n<tr>\n<td width=\"57\"><strong>__utma<\/strong><\/td>\n<td width=\"233\">Se usa para distinguir usuarios y sesiones.<\/td>\n<td width=\"77\">Google<\/td>\n<td width=\"88\">2 a\u00f1os<\/td>\n<td width=\"65\"><\/td>\n<\/tr>\n<tr>\n<td width=\"57\"><strong>__utmt<\/strong><\/td>\n<td width=\"233\">Se usa para limitar el porcentaje de solicitudes.<\/td>\n<td width=\"77\">Google<\/td>\n<td width=\"88\">10 minutos<\/td>\n<td width=\"65\"><\/td>\n<\/tr>\n<tr>\n<td width=\"57\"><strong>__utmb<\/strong><\/td>\n<td width=\"233\">Se usa para determinar nuevas sesiones o visitas<\/td>\n<td width=\"77\">Google<\/td>\n<td width=\"88\">30 minutos<\/td>\n<td width=\"65\"><\/td>\n<\/tr>\n<tr>\n<td width=\"57\"><strong>__utmc<\/strong><\/td>\n<td width=\"233\">No se usa en ga.js. Se configura para interactuar con urchin.js.<\/td>\n<td width=\"77\">Google<\/td>\n<td width=\"88\">Fin sesi\u00f3n<\/td>\n<td width=\"65\"><\/td>\n<\/tr>\n<tr>\n<td width=\"57\"><strong>__utmz<\/strong><\/td>\n<td width=\"233\">Almacena la fuente de tr\u00e1fico o la campa\u00f1a que explica c\u00f3mo ha llegado el usuario al sitio.<\/td>\n<td width=\"77\">Google<\/td>\n<td width=\"88\">6 meses<\/td>\n<td width=\"65\"><\/td>\n<\/tr>\n<tr>\n<td width=\"57\"><strong>__utmv<\/strong><\/td>\n<td width=\"233\">Se usa para almacenar datos de variables personalizadas de visitante.<\/td>\n<td width=\"77\">Google<\/td>\n<td width=\"88\">2 a\u00f1os<\/td>\n<td width=\"65\"><\/td>\n<\/tr>\n<\/tbody>\n<\/table>\n<p><strong>\u00a0<\/strong><\/p>\n<p><strong>\u00bfQu\u00e9 ocurre si se deshabilitan las Cookies?<\/strong><\/p>\n<p>Algunas funcionalidades de los Servicios y \u00e1reas de este sitio web podr\u00edan no funcionar correctamente si se deshabilitan las cookies.<\/p>\n<p>&nbsp;<\/p>\n<p><strong>\u00bfActualizamos nuestra Pol\u00edtica de Cookies?<\/strong><\/p>\n<p>Es posible que actualicemos la Pol\u00edtica de Cookies de nuestro p\u00e1gina web, por ello le recomendamos revisar esta pol\u00edtica cada vez que acceda a nuestro sitio web con el objetivo de estar adecuadamente informado sobre c\u00f3mo y para qu\u00e9 usamos las cookies.<\/p>\n<p>&nbsp;<\/p>\n<p><strong>\u00bfC\u00f3mo puede configurar sus Cookies?<\/strong><\/p>\n<p>Al navegar y continuar en nuestro sitio web estar\u00e1 consintiendo el uso de las Cookies en las condiciones contenidas en la presente Pol\u00edtica de Cookies. Usted como usuario tiene la posibilidad de ejercer su derecho a bloquear, eliminar y rechazar el uso de Cookies, en todo momento, modificando las opciones de su navegador. Por ejemplo:<\/p>\n<p>&nbsp;<\/p>\n<ul>\n<li><strong>Microsoft Edge<\/strong>: Configuraci\u00f3n&gt; Configuraci\u00f3n Avanzada&gt; Cookies.<\/li>\n<\/ul>\n<p>Consulta el <a href=\"http:\/\/windows.microsoft.com\/es-ES\/windows\/support\">soporte de Microsoft<\/a> o la Ayuda del navegador.<\/p>\n<ul>\n<li><strong>Mozilla Firefox<\/strong>: Herramientas&gt; Opciones&gt; Privacidad&gt; Historial&gt; Configuraci\u00f3n Personalizada.<\/li>\n<\/ul>\n<p>Consulta el <a href=\"http:\/\/support.mozilla.org\/es\/home\">soporte de Mozilla<\/a> o la Ayuda del navegador.<\/p>\n<ul>\n<li><strong>Google Chrome<\/strong>: Configuraci\u00f3n&gt; Mostrar opciones avanzadas &gt; Privacidad&gt; Configuraci\u00f3n de contenido.<\/li>\n<\/ul>\n<p>Consulta el <a href=\"http:\/\/support.google.com\/chrome\/?hl=es\">soporte de Google<\/a> o la Ayuda del navegador.<\/p>\n<ul>\n<li><strong>Safari (Apple)<\/strong>: Preferencias&gt; Seguridad.<\/li>\n<\/ul>\n<p>Consulta el <a href=\"http:\/\/www.apple.com\/es\/support\/safari\/\">soporte de Apple<\/a> o la Ayuda del navegador.<\/p>\n<ul>\n<li><strong>Opera (Opera Software): <\/strong>Configuraci\u00f3n &gt; Opciones &gt; Avanzado &gt; Cookies<\/li>\n<\/ul>\n<p>Consulta el <a href=\"http:\/\/help.opera.com\/Windows\/11.50\/es-ES\/cookies.html\">soporte de Opera<\/a> o la Ayuda del navegador.<\/p>\n<p>Si usa otro navegador, consulte su pol\u00edtica de instalaci\u00f3n, uso y bloqueo de cookies. No obstante, usando la herramienta <a href=\"http:\/\/www.youronlinechoices.com\/\">www.youronlinechoices.com<\/a>, podr\u00e1 encontrar informaci\u00f3n \u00fatil y configurar, proveedor por proveedor, sus preferencias sobre las cookies.<\/p>\n<p><strong>\u00a0<\/strong><\/p>\n<p><strong>\u00bfS\u00f3lo existen <\/strong><strong>cookies?<\/strong><\/p>\n<p>Puede ser que haya webs que usen otras formas de almacenamiento similar a las cookies pero con m\u00e1s capacidad, como otras formas de almacenamiento local de datos en el equipo del cliente, por ejemplo:<\/p>\n<ul>\n<li>LocalStorage y sessionStorage de HTML5: Espacio que la web puede usar en el equipo del usuario. Normalmente borrando el historial de Navegaci\u00f3n se pueden borrar.<\/li>\n<li>Los &#8220;Local Shared Objects&#8221; de Flash (el &#8220;isolated storage&#8221; de Silverlight): Se almacenan dentro de la carpeta de Microsoft de donde tiene el perfil de usuario. Hay que entrar en la carpeta y borrarlo. (Ejemplo: los videos de vimeo).<br \/>\nFlash sirve para incorporar elementos multimedia en una web, y para ello almacena ficheros en el equipo del usuario.<\/li>\n<li>El web beacon sirve para rastrear tu actividad, insertando una mini-imagen de la que ni siquiera te percatas. Cuando navegas por la web, se te carga junto con la p\u00e1gina, y el servidor de d\u00f3nde se descarga la foto, registra la hora del acceso, o las veces que has accedido.<\/li>\n<\/ul>\n<p>Estos archivos son m\u00e1s intrusivos que las cookies, ya que son m\u00e1s complicados de eliminar, guardan m\u00e1s informaci\u00f3n, y son independientes al navegador que se use. Nosotros no usamos este tipo de almacenamiento.<\/p>\n<\/div>\n","protected":false},"excerpt":{"rendered":"<p>POL\u00cdTICA DE COOKIES Y ALMACENAMIENTO LOCAL &nbsp; Pol\u00edtica de cookies: \u00a0 Seg\u00fan la Ley 34\/2002, de 11 de julio, de Servicios de la Sociedad de la Informaci\u00f3n y Comercio Electr\u00f3nico le informamos de que este sitio web usa Cookies para mejorar y optimizar la experiencia del usuario. A continuaci\u00f3n encontrar\u00e1 informaci\u00f3n detallada sobre qu\u00e9 son [&hellip;]<\/p>\n","protected":false},"author":4,"featured_media":0,"parent":0,"menu_order":0,"comment_status":"closed","ping_status":"closed","template":"","meta":{"footnotes":""},"class_list":["post-514","page","type-page","status-publish","hentry"],"_links":{"self":[{"href":"https:\/\/eljardindelconvento.com\/2018\/en\/wp-json\/wp\/v2\/pages\/514","targetHints":{"allow":["GET"]}}],"collection":[{"href":"https:\/\/eljardindelconvento.com\/2018\/en\/wp-json\/wp\/v2\/pages"}],"about":[{"href":"https:\/\/eljardindelconvento.com\/2018\/en\/wp-json\/wp\/v2\/types\/page"}],"author":[{"embeddable":true,"href":"https:\/\/eljardindelconvento.com\/2018\/en\/wp-json\/wp\/v2\/users\/4"}],"replies":[{"embeddable":true,"href":"https:\/\/eljardindelconvento.com\/2018\/en\/wp-json\/wp\/v2\/comments?post=514"}],"version-history":[{"count":9,"href":"https:\/\/eljardindelconvento.com\/2018\/en\/wp-json\/wp\/v2\/pages\/514\/revisions"}],"predecessor-version":[{"id":556,"href":"https:\/\/eljardindelconvento.com\/2018\/en\/wp-json\/wp\/v2\/pages\/514\/revisions\/556"}],"wp:attachment":[{"href":"https:\/\/eljardindelconvento.com\/2018\/en\/wp-json\/wp\/v2\/media?parent=514"}],"curies":[{"name":"wp","href":"https:\/\/api.w.org\/{rel}","templated":true}]}}