{"id":130,"date":"2018-08-10T20:46:48","date_gmt":"2018-08-10T20:46:48","guid":{"rendered":"https:\/\/eljardindelconvento.com\/2018\/?page_id=130"},"modified":"2025-09-12T10:50:59","modified_gmt":"2025-09-12T10:50:59","slug":"localizacion-contacto","status":"publish","type":"page","link":"https:\/\/eljardindelconvento.com\/2018\/en\/localizacion-contacto\/","title":{"rendered":"Localizaci\u00f3n \/ Contacto"},"content":{"rendered":"<p><iframe loading=\"lazy\" style=\"border: 0;\" src=\"https:\/\/www.google.com\/maps\/embed?pb=!1m18!1m12!1m3!1d609528.682606428!2d-5.258212100540587!3d40.165520631977905!2m3!1f0!2f0!3f0!3m2!1i1024!2i768!4f13.1!3m3!1m2!1s0xd3e4f02aafec517%3A0x7a5e05ef5fa1b7a8!2sCasa+Rural+El+Jard%C3%ADn+Del+Convento!5e0!3m2!1ses!2ses!4v1533992964521\" width=\"1200\" height=\"400\" frameborder=\"0\" allowfullscreen=\"allowfullscreen\"><span data-mce-type=\"bookmark\" style=\"display: inline-block; width: 0px; overflow: hidden; line-height: 0;\" class=\"mce_SELRES_start\">\ufeff<\/span><span data-mce-type=\"bookmark\" style=\"display: inline-block; width: 0px; overflow: hidden; line-height: 0;\" class=\"mce_SELRES_start\">\ufeff<\/span><\/iframe><\/p>\n<div class=\"mapa-datos\">\n<img loading=\"lazy\" decoding=\"async\" class=\"size-full wp-image-158 alignleft\" src=\"https:\/\/eljardindelconvento.com\/2018\/wp-content\/uploads\/2018\/08\/Captura-de-pantalla-2018-08-11-a-las-15.14.47.png\" alt=\"\" width=\"277\" height=\"249\" \/><\/p>\n<div class=\"mapa-direcc\">\nEL JARD\u00cdN DEL CONVENTO<\/p>\n<p>Plaza del Convento 22<\/p>\n<p>10700 Herv\u00e1s<\/p>\n<p>C\u00e1ceres<\/p>\n<p>TLF +34 927 48 11 61<\/p>\n<p>MOVIL +34 660 45 22 92<\/p>\n<p>EMAIL casarural@eljardindelconvento.com<\/p>\n<\/div>\n<\/div>\n<p><\/p>","protected":false},"excerpt":{"rendered":"<p>\ufeff\ufeff EL JARD\u00cdN DEL CONVENTO Plaza del Convento 22 10700 Herv\u00e1s C\u00e1ceres TLF +34 927 48 11 61 MOVIL +34 660 45 22 92 EMAIL casarural@eljardindelconvento.com<\/p>\n","protected":false},"author":4,"featured_media":0,"parent":0,"menu_order":0,"comment_status":"closed","ping_status":"closed","template":"","meta":{"footnotes":""},"class_list":["post-130","page","type-page","status-publish","hentry"],"_links":{"self":[{"href":"https:\/\/eljardindelconvento.com\/2018\/en\/wp-json\/wp\/v2\/pages\/130","targetHints":{"allow":["GET"]}}],"collection":[{"href":"https:\/\/eljardindelconvento.com\/2018\/en\/wp-json\/wp\/v2\/pages"}],"about":[{"href":"https:\/\/eljardindelconvento.com\/2018\/en\/wp-json\/wp\/v2\/types\/page"}],"author":[{"embeddable":true,"href":"https:\/\/eljardindelconvento.com\/2018\/en\/wp-json\/wp\/v2\/users\/4"}],"replies":[{"embeddable":true,"href":"https:\/\/eljardindelconvento.com\/2018\/en\/wp-json\/wp\/v2\/comments?post=130"}],"version-history":[{"count":19,"href":"https:\/\/eljardindelconvento.com\/2018\/en\/wp-json\/wp\/v2\/pages\/130\/revisions"}],"predecessor-version":[{"id":1405,"href":"https:\/\/eljardindelconvento.com\/2018\/en\/wp-json\/wp\/v2\/pages\/130\/revisions\/1405"}],"wp:attachment":[{"href":"https:\/\/eljardindelconvento.com\/2018\/en\/wp-json\/wp\/v2\/media?parent=130"}],"curies":[{"name":"wp","href":"https:\/\/api.w.org\/{rel}","templated":true}]}}